{"id":8,"date":"2020-07-05T14:10:06","date_gmt":"2020-07-05T14:10:06","guid":{"rendered":"https:\/\/mentoring4u.ch\/hp-neu\/?page_id=8"},"modified":"2020-12-29T16:18:16","modified_gmt":"2020-12-29T16:18:16","slug":"willkommen","status":"publish","type":"page","link":"https:\/\/mentoring4u.ch\/","title":{"rendered":"Willkommen"},"content":{"rendered":"\t\t<div data-elementor-type=\"wp-page\" data-elementor-id=\"8\" class=\"elementor elementor-8\">\n\t\t\t\t\t\t<section class=\"elementor-section elementor-top-section elementor-element elementor-element-ac8d967 elementor-section-boxed elementor-section-height-default elementor-section-height-default\" data-id=\"ac8d967\" data-element_type=\"section\" data-e-type=\"section\">\n\t\t\t\t\t\t<div class=\"elementor-container elementor-column-gap-default\">\n\t\t\t\t\t<div class=\"elementor-column elementor-col-100 elementor-top-column elementor-element elementor-element-d2735c7\" data-id=\"d2735c7\" data-element_type=\"column\" data-e-type=\"column\">\n\t\t\t<div class=\"elementor-widget-wrap elementor-element-populated\">\n\t\t\t\t\t\t<div class=\"elementor-element elementor-element-a5a4db7 elementor-widget elementor-widget-text-editor\" data-id=\"a5a4db7\" data-element_type=\"widget\" data-e-type=\"widget\" data-widget_type=\"text-editor.default\">\n\t\t\t\t<div class=\"elementor-widget-container\">\n\t\t\t\t\t\t\t\t\t<p>Aktuelle Herausforderungen im Hier und Jetzt, zwischenmenschliche Schwierigkeiten, Krisen, eigene Verhaltensmuster oder seelische Leiden motivieren den Menschen Rat zu suchen.\u00a0<\/p><p>Auch der Wunsch, sich in der Pers\u00f6nlichkeit und im Charakter weiterzuentwickeln, seine St\u00e4rken und Begabungen zu entdecken &#8211; kurz das Potential, das in jedem Menschen steckt &#8211; l\u00e4sst uns nach einer unterst\u00fctzenden Begleitung suchen.\u00a0<\/p><p>Hinderliches, St\u00f6rendes oder Trennendes in der Beziehung mit Gott k\u00f6nnen Gr\u00fcnde f\u00fcr den Wunsch nach Seelsorge sein. Auch der Wunsch nach einer tieferen, erf\u00fcllenderen und lebendigeren Gottesbeziehung, oder der Wunsch, Gott zu erleben, sind m\u00f6gliche Themen.<\/p><p>Mein Angebot umfasst <span style=\"color: #ff9900;\">psychosoziale Beratung, Mentoring und Seelsorge<\/span>. Auf den folgenden Seiten erfahren Sie mehr dar\u00fcber.<\/p>\t\t\t\t\t\t\t\t<\/div>\n\t\t\t\t<\/div>\n\t\t\t\t\t<\/div>\n\t\t<\/div>\n\t\t\t\t\t<\/div>\n\t\t<\/section>\n\t\t\t\t<section class=\"elementor-section elementor-top-section elementor-element elementor-element-18c5384 elementor-section-boxed elementor-section-height-default elementor-section-height-default\" data-id=\"18c5384\" data-element_type=\"section\" data-e-type=\"section\">\n\t\t\t\t\t\t<div class=\"elementor-container elementor-column-gap-default\">\n\t\t\t\t\t<div class=\"elementor-column elementor-col-100 elementor-top-column elementor-element elementor-element-69f8487\" data-id=\"69f8487\" data-element_type=\"column\" data-e-type=\"column\">\n\t\t\t<div class=\"elementor-widget-wrap elementor-element-populated\">\n\t\t\t\t\t\t<div class=\"elementor-element elementor-element-7173854 elementor-widget elementor-widget-image\" data-id=\"7173854\" data-element_type=\"widget\" data-e-type=\"widget\" data-widget_type=\"image.default\">\n\t\t\t\t<div class=\"elementor-widget-container\">\n\t\t\t\t\t\t\t\t\t\t\t\t<figure class=\"wp-caption\">\n\t\t\t\t\t\t\t\t\t\t<img fetchpriority=\"high\" decoding=\"async\" width=\"680\" height=\"498\" src=\"https:\/\/mentoring4u.ch\/wp-content\/uploads\/2020\/07\/F4DEAE37-5D0B-4D7D-BEC5-5A0076F5689D_1_201_a-1024x750.jpeg\" class=\"attachment-large size-large wp-image-14\" alt=\"\" srcset=\"https:\/\/mentoring4u.ch\/wp-content\/uploads\/2020\/07\/F4DEAE37-5D0B-4D7D-BEC5-5A0076F5689D_1_201_a-1024x750.jpeg 1024w, https:\/\/mentoring4u.ch\/wp-content\/uploads\/2020\/07\/F4DEAE37-5D0B-4D7D-BEC5-5A0076F5689D_1_201_a-300x220.jpeg 300w, https:\/\/mentoring4u.ch\/wp-content\/uploads\/2020\/07\/F4DEAE37-5D0B-4D7D-BEC5-5A0076F5689D_1_201_a-768x563.jpeg 768w, https:\/\/mentoring4u.ch\/wp-content\/uploads\/2020\/07\/F4DEAE37-5D0B-4D7D-BEC5-5A0076F5689D_1_201_a-1536x1125.jpeg 1536w, https:\/\/mentoring4u.ch\/wp-content\/uploads\/2020\/07\/F4DEAE37-5D0B-4D7D-BEC5-5A0076F5689D_1_201_a-2048x1500.jpeg 2048w\" sizes=\"(max-width: 680px) 100vw, 680px\" \/>\t\t\t\t\t\t\t\t\t\t\t<figcaption class=\"widget-image-caption wp-caption-text\">weg \/ photocase.com<\/figcaption>\n\t\t\t\t\t\t\t\t\t\t<\/figure>\n\t\t\t\t\t\t\t\t\t<\/div>\n\t\t\t\t<\/div>\n\t\t\t\t\t<\/div>\n\t\t<\/div>\n\t\t\t\t\t<\/div>\n\t\t<\/section>\n\t\t\t\t<section class=\"elementor-section elementor-top-section elementor-element elementor-element-1a53a45 elementor-section-boxed elementor-section-height-default elementor-section-height-default\" data-id=\"1a53a45\" data-element_type=\"section\" data-e-type=\"section\">\n\t\t\t\t\t\t<div class=\"elementor-container elementor-column-gap-default\">\n\t\t\t\t\t<div class=\"elementor-column elementor-col-100 elementor-top-column elementor-element elementor-element-73cb4fb\" data-id=\"73cb4fb\" data-element_type=\"column\" data-e-type=\"column\">\n\t\t\t<div class=\"elementor-widget-wrap elementor-element-populated\">\n\t\t\t\t\t\t<div class=\"elementor-element elementor-element-85de3e6 elementor-widget elementor-widget-text-editor\" data-id=\"85de3e6\" data-element_type=\"widget\" data-e-type=\"widget\" data-widget_type=\"text-editor.default\">\n\t\t\t\t<div class=\"elementor-widget-container\">\n\t\t\t\t\t\t\t\t\t<p><span style=\"color: #ff9900;\"><strong>&#8222;Erkenne dich selbst&#8220;<\/strong><\/span> &#8211; <em>Heraklit: &#8222;Allen Menschen ist zuteil, sich selbst zu erkennen und verst\u00e4ndig zu denken.&#8220;<\/em><\/p>\t\t\t\t\t\t\t\t<\/div>\n\t\t\t\t<\/div>\n\t\t\t\t\t<\/div>\n\t\t<\/div>\n\t\t\t\t\t<\/div>\n\t\t<\/section>\n\t\t\t\t<section class=\"elementor-section elementor-top-section elementor-element elementor-element-3251dde elementor-section-boxed elementor-section-height-default elementor-section-height-default\" data-id=\"3251dde\" data-element_type=\"section\" data-e-type=\"section\">\n\t\t\t\t\t\t<div class=\"elementor-container elementor-column-gap-default\">\n\t\t\t\t\t<div class=\"elementor-column elementor-col-100 elementor-top-column elementor-element elementor-element-b055517\" data-id=\"b055517\" data-element_type=\"column\" data-e-type=\"column\">\n\t\t\t<div class=\"elementor-widget-wrap elementor-element-populated\">\n\t\t\t\t\t\t<div class=\"elementor-element elementor-element-472bbc9 elementor-widget elementor-widget-text-editor\" data-id=\"472bbc9\" data-element_type=\"widget\" data-e-type=\"widget\" data-widget_type=\"text-editor.default\">\n\t\t\t\t<div class=\"elementor-widget-container\">\n\t\t\t\t\t\t\t\t\t<p style=\"text-align: right;\"><em>R\u00fcdiger Rogoll und Werner Rautenberg &#8211;\u00a0<\/em><span style=\"color: #ff9900;\"><strong>&#8222;Werde, der du werden kannst&#8220;<\/strong><\/span><\/p>\t\t\t\t\t\t\t\t<\/div>\n\t\t\t\t<\/div>\n\t\t\t\t\t<\/div>\n\t\t<\/div>\n\t\t\t\t\t<\/div>\n\t\t<\/section>\n\t\t\t\t<\/div>\n\t\t","protected":false},"excerpt":{"rendered":"<p>Aktuelle Herausforderungen im Hier und Jetzt, zwischenmenschliche Schwierigkeiten, Krisen, eigene Verhaltensmuster oder seelische Leiden motivieren den Menschen Rat zu suchen.\u00a0 [&hellip;]<\/p>\n","protected":false},"author":1,"featured_media":0,"parent":0,"menu_order":0,"comment_status":"closed","ping_status":"closed","template":"","meta":{"footnotes":""},"class_list":["post-8","page","type-page","status-publish","hentry"],"_links":{"self":[{"href":"https:\/\/mentoring4u.ch\/index.php\/wp-json\/wp\/v2\/pages\/8","targetHints":{"allow":["GET"]}}],"collection":[{"href":"https:\/\/mentoring4u.ch\/index.php\/wp-json\/wp\/v2\/pages"}],"about":[{"href":"https:\/\/mentoring4u.ch\/index.php\/wp-json\/wp\/v2\/types\/page"}],"author":[{"embeddable":true,"href":"https:\/\/mentoring4u.ch\/index.php\/wp-json\/wp\/v2\/users\/1"}],"replies":[{"embeddable":true,"href":"https:\/\/mentoring4u.ch\/index.php\/wp-json\/wp\/v2\/comments?post=8"}],"version-history":[{"count":29,"href":"https:\/\/mentoring4u.ch\/index.php\/wp-json\/wp\/v2\/pages\/8\/revisions"}],"predecessor-version":[{"id":245,"href":"https:\/\/mentoring4u.ch\/index.php\/wp-json\/wp\/v2\/pages\/8\/revisions\/245"}],"wp:attachment":[{"href":"https:\/\/mentoring4u.ch\/index.php\/wp-json\/wp\/v2\/media?parent=8"}],"curies":[{"name":"wp","href":"https:\/\/api.w.org\/{rel}","templated":true}]}}