{"id":57,"date":"2020-07-05T15:05:42","date_gmt":"2020-07-05T15:05:42","guid":{"rendered":"https:\/\/mentoring4u.ch\/hp-neu\/?page_id=57"},"modified":"2024-08-20T08:26:59","modified_gmt":"2024-08-20T08:26:59","slug":"seelsorge","status":"publish","type":"page","link":"https:\/\/mentoring4u.ch\/index.php\/seelsorge\/","title":{"rendered":"Seelsorge"},"content":{"rendered":"\t\t<div data-elementor-type=\"wp-page\" data-elementor-id=\"57\" class=\"elementor elementor-57\">\n\t\t\t\t\t\t<section class=\"elementor-section elementor-top-section elementor-element elementor-element-63ce43a elementor-section-boxed elementor-section-height-default elementor-section-height-default\" data-id=\"63ce43a\" data-element_type=\"section\" data-e-type=\"section\">\n\t\t\t\t\t\t<div class=\"elementor-container elementor-column-gap-default\">\n\t\t\t\t\t<div class=\"elementor-column elementor-col-100 elementor-top-column elementor-element elementor-element-581e01d\" data-id=\"581e01d\" data-element_type=\"column\" data-e-type=\"column\">\n\t\t\t<div class=\"elementor-widget-wrap elementor-element-populated\">\n\t\t\t\t\t\t<div class=\"elementor-element elementor-element-e4418e2 elementor-widget elementor-widget-heading\" data-id=\"e4418e2\" data-element_type=\"widget\" data-e-type=\"widget\" data-widget_type=\"heading.default\">\n\t\t\t\t<div class=\"elementor-widget-container\">\n\t\t\t\t\t<h2 class=\"elementor-heading-title elementor-size-default\">Mit Gott in Beziehung<\/h2>\t\t\t\t<\/div>\n\t\t\t\t<\/div>\n\t\t\t\t<div class=\"elementor-element elementor-element-7e2aec3 elementor-widget elementor-widget-text-editor\" data-id=\"7e2aec3\" data-element_type=\"widget\" data-e-type=\"widget\" data-widget_type=\"text-editor.default\">\n\t\t\t\t<div class=\"elementor-widget-container\">\n\t\t\t\t\t\t\t\t\t<div class=\"page\" title=\"Page 2\"><div class=\"section\"><div class=\"layoutArea\"><div class=\"column\"><p>Sto\u0308rt oder belastet etwas Ihre Beziehung mit Gott? Sehnen Sie sich nach mehr Tiefgang und Erfu\u0308llung? Mo\u0308chten Sie Gott begegnen und ihn erleben?<\/p><\/div><\/div><\/div><\/div>\t\t\t\t\t\t\t\t<\/div>\n\t\t\t\t<\/div>\n\t\t\t\t\t<\/div>\n\t\t<\/div>\n\t\t\t\t\t<\/div>\n\t\t<\/section>\n\t\t\t\t<section class=\"elementor-section elementor-top-section elementor-element elementor-element-573a8af elementor-section-boxed elementor-section-height-default elementor-section-height-default\" data-id=\"573a8af\" data-element_type=\"section\" data-e-type=\"section\">\n\t\t\t\t\t\t<div class=\"elementor-container elementor-column-gap-default\">\n\t\t\t\t\t<div class=\"elementor-column elementor-col-100 elementor-top-column elementor-element elementor-element-1bc7820\" data-id=\"1bc7820\" data-element_type=\"column\" data-e-type=\"column\">\n\t\t\t<div class=\"elementor-widget-wrap elementor-element-populated\">\n\t\t\t\t\t\t<div class=\"elementor-element elementor-element-24f7f42 elementor-widget elementor-widget-image\" data-id=\"24f7f42\" data-element_type=\"widget\" data-e-type=\"widget\" data-widget_type=\"image.default\">\n\t\t\t\t<div class=\"elementor-widget-container\">\n\t\t\t\t\t\t\t\t\t\t\t\t\t\t\t<img fetchpriority=\"high\" decoding=\"async\" width=\"680\" height=\"510\" src=\"https:\/\/mentoring4u.ch\/wp-content\/uploads\/2020\/07\/CIMG1617-1024x768.jpeg\" class=\"attachment-large size-large wp-image-36\" alt=\"\" srcset=\"https:\/\/mentoring4u.ch\/wp-content\/uploads\/2020\/07\/CIMG1617-1024x768.jpeg 1024w, https:\/\/mentoring4u.ch\/wp-content\/uploads\/2020\/07\/CIMG1617-300x225.jpeg 300w, https:\/\/mentoring4u.ch\/wp-content\/uploads\/2020\/07\/CIMG1617-768x576.jpeg 768w, https:\/\/mentoring4u.ch\/wp-content\/uploads\/2020\/07\/CIMG1617-1536x1152.jpeg 1536w, https:\/\/mentoring4u.ch\/wp-content\/uploads\/2020\/07\/CIMG1617-2048x1536.jpeg 2048w\" sizes=\"(max-width: 680px) 100vw, 680px\" \/>\t\t\t\t\t\t\t\t\t\t\t\t\t\t\t<\/div>\n\t\t\t\t<\/div>\n\t\t\t\t\t<\/div>\n\t\t<\/div>\n\t\t\t\t\t<\/div>\n\t\t<\/section>\n\t\t\t\t<section class=\"elementor-section elementor-top-section elementor-element elementor-element-50423d8 elementor-section-boxed elementor-section-height-default elementor-section-height-default\" data-id=\"50423d8\" data-element_type=\"section\" data-e-type=\"section\">\n\t\t\t\t\t\t<div class=\"elementor-container elementor-column-gap-default\">\n\t\t\t\t\t<div class=\"elementor-column elementor-col-100 elementor-top-column elementor-element elementor-element-6703659\" data-id=\"6703659\" data-element_type=\"column\" data-e-type=\"column\">\n\t\t\t<div class=\"elementor-widget-wrap elementor-element-populated\">\n\t\t\t\t\t\t<div class=\"elementor-element elementor-element-329e09f elementor-widget elementor-widget-heading\" data-id=\"329e09f\" data-element_type=\"widget\" data-e-type=\"widget\" data-widget_type=\"heading.default\">\n\t\t\t\t<div class=\"elementor-widget-container\">\n\t\t\t\t\t<h2 class=\"elementor-heading-title elementor-size-default\">Helfendes Gespr\u00e4ch<\/h2>\t\t\t\t<\/div>\n\t\t\t\t<\/div>\n\t\t\t\t<div class=\"elementor-element elementor-element-eb98a49 elementor-widget elementor-widget-text-editor\" data-id=\"eb98a49\" data-element_type=\"widget\" data-e-type=\"widget\" data-widget_type=\"text-editor.default\">\n\t\t\t\t<div class=\"elementor-widget-container\">\n\t\t\t\t\t\t\t\t\t<div class=\"page\" title=\"Page 2\"><div class=\"section\"><div class=\"layoutArea\"><div class=\"column\"><p>In der Seelsorge, welches ich als helfendes Gespra\u0308ch verstehe, steht Ihr zuvor eingegrenztes Anliegen im Fokus. Die Seelsorge setzt den Menschen und seine Bed\u00fcrfnisse in Beziehung zum lebendigen Gott der Bibel. Im Gebet, dem pers\u00f6nlichen Reden mit Gott, sucht sie bei ihm Hilfe und Orientierung. Sie geht von seinem durch die Liebe motivierten Handeln aus. Das kann beispielsweise eine Antwort oder sein erl\u00f6sendes, heilsames Eingreifen sein.\u00a0<\/p><p>Seelsorge hat eine geistliche Ausrichtung und ist u\u0308berkonfessionell. Der Mensch und seine Gottesbeziehung stehen im Fokus.\u00a0Es kann punktuell gearbeitet werden, zeitlich unabha\u0308ngig, auch einmalig. Die Seelsorge kann eine konkrete Hilfestellung beinhalten. Ihr Ziel ist die gekla\u0308rte, freie und lebendige Beziehung mit Gott.<\/p><\/div><p>Ich orientiere mich dabei an der biblischen Theologie, der liebenden N\u00e4he Gottes, des Vaters, der Erl\u00f6sung durch Jesus Christus und der Erm\u00e4chtigung durch den Heiligen Geist.<\/p><p>Sie werden von mir begleitet, Ihre pers\u00f6nliche Beziehung mit Gott selbstst\u00e4ndig zu pflegen und zu vertiefen. Ihr geistliches Wachstum wird gef\u00f6rdert und Ihre Reife im Glauben unterst\u00fctzt.<\/p><\/div><\/div><\/div>\t\t\t\t\t\t\t\t<\/div>\n\t\t\t\t<\/div>\n\t\t\t\t\t<\/div>\n\t\t<\/div>\n\t\t\t\t\t<\/div>\n\t\t<\/section>\n\t\t\t\t<section class=\"elementor-section elementor-top-section elementor-element elementor-element-527ea5e elementor-section-boxed elementor-section-height-default elementor-section-height-default\" data-id=\"527ea5e\" data-element_type=\"section\" data-e-type=\"section\">\n\t\t\t\t\t\t<div class=\"elementor-container elementor-column-gap-default\">\n\t\t\t\t\t<div class=\"elementor-column elementor-col-100 elementor-top-column elementor-element elementor-element-2587b04\" data-id=\"2587b04\" data-element_type=\"column\" data-e-type=\"column\">\n\t\t\t<div class=\"elementor-widget-wrap elementor-element-populated\">\n\t\t\t\t\t\t<div class=\"elementor-element elementor-element-e40c4e3 elementor-widget-divider--view-line elementor-widget elementor-widget-divider\" data-id=\"e40c4e3\" data-element_type=\"widget\" data-e-type=\"widget\" data-widget_type=\"divider.default\">\n\t\t\t\t<div class=\"elementor-widget-container\">\n\t\t\t\t\t\t\t<div class=\"elementor-divider\">\n\t\t\t<span class=\"elementor-divider-separator\">\n\t\t\t\t\t\t<\/span>\n\t\t<\/div>\n\t\t\t\t\t\t<\/div>\n\t\t\t\t<\/div>\n\t\t\t\t\t<\/div>\n\t\t<\/div>\n\t\t\t\t\t<\/div>\n\t\t<\/section>\n\t\t\t\t<section class=\"elementor-section elementor-top-section elementor-element elementor-element-6376e57 elementor-section-boxed elementor-section-height-default elementor-section-height-default\" data-id=\"6376e57\" data-element_type=\"section\" data-e-type=\"section\">\n\t\t\t\t\t\t<div class=\"elementor-container elementor-column-gap-default\">\n\t\t\t\t\t<div class=\"elementor-column elementor-col-100 elementor-top-column elementor-element elementor-element-ef64c72\" data-id=\"ef64c72\" data-element_type=\"column\" data-e-type=\"column\">\n\t\t\t<div class=\"elementor-widget-wrap elementor-element-populated\">\n\t\t\t\t\t\t<section class=\"elementor-section elementor-inner-section elementor-element elementor-element-439c6b4 elementor-section-boxed elementor-section-height-default elementor-section-height-default\" data-id=\"439c6b4\" data-element_type=\"section\" data-e-type=\"section\">\n\t\t\t\t\t\t<div class=\"elementor-container elementor-column-gap-default\">\n\t\t\t\t\t<div class=\"elementor-column elementor-col-50 elementor-inner-column elementor-element elementor-element-bc3839a\" data-id=\"bc3839a\" data-element_type=\"column\" data-e-type=\"column\">\n\t\t\t<div class=\"elementor-widget-wrap elementor-element-populated\">\n\t\t\t\t\t\t<div class=\"elementor-element elementor-element-6e4fdd1 elementor-widget elementor-widget-heading\" data-id=\"6e4fdd1\" data-element_type=\"widget\" data-e-type=\"widget\" data-widget_type=\"heading.default\">\n\t\t\t\t<div class=\"elementor-widget-container\">\n\t\t\t\t\t<h2 class=\"elementor-heading-title elementor-size-default\">Christliche Seelsorge<\/h2>\t\t\t\t<\/div>\n\t\t\t\t<\/div>\n\t\t\t\t<div class=\"elementor-element elementor-element-0c6e553 elementor-widget elementor-widget-text-editor\" data-id=\"0c6e553\" data-element_type=\"widget\" data-e-type=\"widget\" data-widget_type=\"text-editor.default\">\n\t\t\t\t<div class=\"elementor-widget-container\">\n\t\t\t\t\t\t\t\t\t<div class=\"page\" title=\"Page 2\"><div class=\"section\"><div class=\"layoutArea\"><div class=\"column\"><p>Anderson &amp; Reese | Was ist Seelsorge<\/p><p><a href=\"https:\/\/www.acc-ch.ch\" target=\"_blank\" rel=\"noopener\">acc-ch.ch<\/a> | Verband christliche Beratung \u00a0&amp; Seelsorge<\/p><\/div><\/div><\/div><\/div>\t\t\t\t\t\t\t\t<\/div>\n\t\t\t\t<\/div>\n\t\t\t\t\t<\/div>\n\t\t<\/div>\n\t\t\t\t<div class=\"elementor-column elementor-col-50 elementor-inner-column elementor-element elementor-element-157ffc0\" data-id=\"157ffc0\" data-element_type=\"column\" data-e-type=\"column\">\n\t\t\t<div class=\"elementor-widget-wrap elementor-element-populated\">\n\t\t\t\t\t\t<div class=\"elementor-element elementor-element-8efdbb0 elementor-widget elementor-widget-text-editor\" data-id=\"8efdbb0\" data-element_type=\"widget\" data-e-type=\"widget\" data-widget_type=\"text-editor.default\">\n\t\t\t\t<div class=\"elementor-widget-container\">\n\t\t\t\t\t\t\t\t\t<div class=\"page\" title=\"Page 2\"><div class=\"section\"><div class=\"layoutArea\"><div class=\"column\"><p>Seelsorge ist etwas, das sich dem Wirken Gottes anschliesst und auf das achtet, was in der Seele des geistlichen Suchers bereits vollbracht ist. Sie ist das bewusste Wahrnehmen der Tatsache, das Gott bereits die Initiative ergriffen hat.<\/p><\/div><\/div><\/div><\/div>\t\t\t\t\t\t\t\t<\/div>\n\t\t\t\t<\/div>\n\t\t\t\t\t<\/div>\n\t\t<\/div>\n\t\t\t\t\t<\/div>\n\t\t<\/section>\n\t\t\t\t\t<\/div>\n\t\t<\/div>\n\t\t\t\t\t<\/div>\n\t\t<\/section>\n\t\t\t\t<\/div>\n\t\t","protected":false},"excerpt":{"rendered":"<p>Mit Gott in Beziehung Sto\u0308rt oder belastet etwas Ihre Beziehung mit Gott? Sehnen Sie sich nach mehr Tiefgang und Erfu\u0308llung? [&hellip;]<\/p>\n","protected":false},"author":1,"featured_media":36,"parent":0,"menu_order":0,"comment_status":"closed","ping_status":"closed","template":"","meta":{"footnotes":""},"class_list":["post-57","page","type-page","status-publish","has-post-thumbnail","hentry"],"_links":{"self":[{"href":"https:\/\/mentoring4u.ch\/index.php\/wp-json\/wp\/v2\/pages\/57","targetHints":{"allow":["GET"]}}],"collection":[{"href":"https:\/\/mentoring4u.ch\/index.php\/wp-json\/wp\/v2\/pages"}],"about":[{"href":"https:\/\/mentoring4u.ch\/index.php\/wp-json\/wp\/v2\/types\/page"}],"author":[{"embeddable":true,"href":"https:\/\/mentoring4u.ch\/index.php\/wp-json\/wp\/v2\/users\/1"}],"replies":[{"embeddable":true,"href":"https:\/\/mentoring4u.ch\/index.php\/wp-json\/wp\/v2\/comments?post=57"}],"version-history":[{"count":18,"href":"https:\/\/mentoring4u.ch\/index.php\/wp-json\/wp\/v2\/pages\/57\/revisions"}],"predecessor-version":[{"id":424,"href":"https:\/\/mentoring4u.ch\/index.php\/wp-json\/wp\/v2\/pages\/57\/revisions\/424"}],"wp:featuredmedia":[{"embeddable":true,"href":"https:\/\/mentoring4u.ch\/index.php\/wp-json\/wp\/v2\/media\/36"}],"wp:attachment":[{"href":"https:\/\/mentoring4u.ch\/index.php\/wp-json\/wp\/v2\/media?parent=57"}],"curies":[{"name":"wp","href":"https:\/\/api.w.org\/{rel}","templated":true}]}}