{"id":3,"date":"2020-07-05T13:28:50","date_gmt":"2020-07-05T13:28:50","guid":{"rendered":"https:\/\/mentoring4u.ch\/hp-neu\/?page_id=3"},"modified":"2026-01-20T14:39:33","modified_gmt":"2026-01-20T14:39:33","slug":"privacy-policy","status":"publish","type":"page","link":"https:\/\/mentoring4u.ch\/index.php\/privacy-policy\/","title":{"rendered":"Datenschutzerkl\u00e4rung"},"content":{"rendered":"\t\t<div data-elementor-type=\"wp-page\" data-elementor-id=\"3\" class=\"elementor elementor-3\">\n\t\t\t\t\t\t<section class=\"elementor-section elementor-top-section elementor-element elementor-element-42829547 elementor-section-boxed elementor-section-height-default elementor-section-height-default\" data-id=\"42829547\" data-element_type=\"section\" data-e-type=\"section\">\n\t\t\t\t\t\t<div class=\"elementor-container elementor-column-gap-default\">\n\t\t\t\t\t<div class=\"elementor-column elementor-col-100 elementor-top-column elementor-element elementor-element-5fa0da15\" data-id=\"5fa0da15\" data-element_type=\"column\" data-e-type=\"column\">\n\t\t\t<div class=\"elementor-widget-wrap elementor-element-populated\">\n\t\t\t\t\t\t<div class=\"elementor-element elementor-element-460b1d1c elementor-widget elementor-widget-text-editor\" data-id=\"460b1d1c\" data-element_type=\"widget\" data-e-type=\"widget\" data-widget_type=\"text-editor.default\">\n\t\t\t\t<div class=\"elementor-widget-container\">\n\t\t\t\t\t\t\t\t\t<h3>Wer wir sind<\/h3><p>Die Adresse unserer Website ist: https:\/\/mentoring4u.ch. Unser Angebot umfasst Beratung, Mentoring und Seelsorge. Diese Datenschutzerkl\u00e4rung richtet sich an die Nutzer dieser Website sowie an unsere Klientinnen und Klienten.<\/p><p>Um deine Anliegen bearbeiten und unsere Dienstleistungen erbringen zu k\u00f6nnen, erfassen wir, mit deiner Zustimmung, deinen Namen sowie deine Kontaktdaten und dein Geburtsdatum.<\/p><p>Diese Daten werden w\u00e4hrend der gesetzlichen Frist von 10 Jahren sicher aufbewahrt und anschliessend gel\u00f6scht. Es erfolgt keine Weitergabe an Dritte, ausser in deinem Auftrag und mit deiner ausdr\u00fccklichen Zustimmung oder im Falle einer gesetzlichen Verpflichtung. Grenz\u00fcberschreitender Datenverkehr mit diesen Daten findet bei WhatsApp, Google und Zoom statt.<\/p><h3>Dienste<\/h3><p>Diese Website bietet keine M\u00f6glichkeit, sich anzumelden und ein pers\u00f6nliches Konto anzulegen. Sie enth\u00e4lt keine Kommentarfunktion und auch kein Kontaktformular. Deshalb werden auch keine diesbez\u00fcglichen Daten gespeichert.<br \/>Um Termine zu vereinbaren, findet sich auf der Website ein Link zum Buchungswidget von <strong>Calenso<\/strong> (<a href=\"https:\/\/calenso.com\/\">https:\/\/calenso.com\/<\/a>). Die Datenschutzerkl\u00e4rung dieses Dienstes findest du hier: <a href=\"https:\/\/calenso.com\/datenschutz\">https:\/\/calenso.com\/datenschutz<\/a><\/p><p>F\u00fcr die Kommunikation mit unseren Klienten nutzen wir die <strong>Messenger WhatsApp Business und Threema Work<\/strong>. Die Datenschutzerkl\u00e4rungen der beiden Dienste kannst du hier einsehen: <a href=\"https:\/\/www.whatsapp.com\/legal\/business-terms\/\" target=\"_blank\" rel=\"noopener\">https:\/\/www.whatsapp.com\/legal\/business-terms\/<\/a> und <a href=\"https:\/\/threema.com\/de\/privacy_policy\/private\/extended?#j-absturzberichte\" target=\"_blank\" rel=\"noopener\">https:\/\/threema.com\/de\/privacy_policy\/private\/extended?#j-absturzberichte<\/a><br \/>Mit der Nutzung dieser Messenger-Dienste stimmst du deren Datenschutzerkl\u00e4rungen zu.<\/p><p>Um Online-Beratungen anbieten zu k\u00f6nnen, nutzen wir <strong>Zoom<\/strong> als <strong>Videokonferenz-L\u00f6sung<\/strong>. Die Datenschutzerkl\u00e4rung dieses Unternehmens findest du hier: <a href=\"https:\/\/www.zoom.com\/de\/trust\/legal-compliance\/?ampDeviceId=70070eed-d192-4d98-935d-0ef40667369d&amp;ampSessionId=1768914787246\" target=\"_blank\" rel=\"noopener\">Zoom<\/a><br \/>Mit der Verwendung von Zoom erkl\u00e4rst du dich damit einverstanden.\u00a0<\/p><p>F\u00fcr die Administration (Beratungsdokumentation und Rechnungsstellung) setzen wir die <strong>healthapp<\/strong> (<a href=\"https:\/\/healthapp.ch\/\" target=\"_blank\" rel=\"noopener\">https:\/\/healthapp.ch\/<\/a>) ein. Mehr \u00fcber deren Datenschutz kannst du hier nachlesen: <a href=\"https:\/\/healthapp.ch\/datenschutz-agb\" target=\"_blank\" rel=\"noopener\">https:\/\/healthapp.ch\/datenschutz-agb<\/a><br \/>Da sich Calenso und die healthApp \u00fcber einen <strong>Google-Kalender<\/strong> synchronisieren, teilen sie die zur Terminvereinbarung in Calenso mitgeteilten Daten. Die Datenschutzerkl\u00e4rung von Google ist hier einzusehen: <a href=\"https:\/\/policies.google.com\/privacy?hl=de\" target=\"_blank\" rel=\"noopener\">https:\/\/policies.google.com\/privacy?hl=de<\/a><\/p><p>F\u00fcr die digitale Archivierung verwenden wir den Schweizer Dienst SecureSafe (<a href=\"https:\/\/www.securesafe.com\/\" target=\"_blank\" rel=\"noopener\">https:\/\/www.securesafe.com\/<\/a>). Deren Datenschutzerkl\u00e4rung kannst du hier nachlesen:\u00a0<a href=\"https:\/\/www.dswiss.com\/de\/privacy-policy?__hstc=264678608.7eb1f49638afa72d8b3866f6f404e9fb.1766507414345.1767872839852.1768919537346.3&amp;__hssc=264678608.1.1768919537346&amp;__hsfp=2fa92fbb2d6652b5569ce35eb32a8492&amp;_gl=1*1xhacw6*_gcl_au*NjM0MTgzMTMyLjE3NjIyNzUxNTA.\" target=\"_blank\" rel=\"noopener\">DSwiss AG<\/a><\/p><h3>Datenschutzbeauftragter<\/h3><p>Verantwortlicher f\u00fcr die Einhaltung der geltenden Datenschutzbestimmungen und Ansprechpartner f\u00fcr Datenschutzanliegen ist:<br \/>Marco Wahrenberger, Heinrich-Bosshard-Strasse 2, 8405 Winterthur, <a href=\"mailto:info@mentoring4u.ch\">info@mentoring4u.ch<\/a><\/p><h3>Eingebettete Inhalte von anderen Websites<\/h3><p>Beitr\u00e4ge auf dieser Website k\u00f6nnen eingebettete Inhalte beinhalten (z.\u00a0B. Videos, Bilder, Beitr\u00e4ge etc.). Eingebettete Inhalte von anderen Websites verhalten sich exakt so, als ob der Besucher die andere Website besucht h\u00e4tte.<\/p><p>Diese Websites k\u00f6nnen Daten \u00fcber dich sammeln, Cookies benutzen, zus\u00e4tzliche Tracking-Dienste von Dritten einbetten und deine Interaktion mit diesem eingebetteten Inhalt aufzeichnen, inklusive deiner Interaktion mit dem eingebetteten Inhalt, falls du ein Konto hast und auf dieser Website angemeldet bist.<\/p><h3>Welche Rechte du an deinen Daten hast<\/h3><p>Du kannst einen Export deiner personenbezogenen Daten bei uns anfordern, inklusive aller Daten, die du uns mitgeteilt hast. Dar\u00fcber hinaus kannst du die L\u00f6schung aller personenbezogenen Daten, die wir von dir gespeichert haben, anfordern. Dies umfasst nicht die Daten, die wir aufgrund administrativer, rechtlicher oder sicherheitsrelevanter Notwendigkeiten aufbewahren m\u00fcssen.<\/p>\t\t\t\t\t\t\t\t<\/div>\n\t\t\t\t<\/div>\n\t\t\t\t\t<\/div>\n\t\t<\/div>\n\t\t\t\t\t<\/div>\n\t\t<\/section>\n\t\t\t\t<\/div>\n\t\t","protected":false},"excerpt":{"rendered":"<p>Wer wir sind Die Adresse unserer Website ist: https:\/\/mentoring4u.ch. Unser Angebot umfasst Beratung, Mentoring und Seelsorge. Diese Datenschutzerkl\u00e4rung richtet sich [&hellip;]<\/p>\n","protected":false},"author":1,"featured_media":0,"parent":0,"menu_order":0,"comment_status":"closed","ping_status":"closed","template":"","meta":{"footnotes":""},"class_list":["post-3","page","type-page","status-publish","hentry"],"_links":{"self":[{"href":"https:\/\/mentoring4u.ch\/index.php\/wp-json\/wp\/v2\/pages\/3","targetHints":{"allow":["GET"]}}],"collection":[{"href":"https:\/\/mentoring4u.ch\/index.php\/wp-json\/wp\/v2\/pages"}],"about":[{"href":"https:\/\/mentoring4u.ch\/index.php\/wp-json\/wp\/v2\/types\/page"}],"author":[{"embeddable":true,"href":"https:\/\/mentoring4u.ch\/index.php\/wp-json\/wp\/v2\/users\/1"}],"replies":[{"embeddable":true,"href":"https:\/\/mentoring4u.ch\/index.php\/wp-json\/wp\/v2\/comments?post=3"}],"version-history":[{"count":22,"href":"https:\/\/mentoring4u.ch\/index.php\/wp-json\/wp\/v2\/pages\/3\/revisions"}],"predecessor-version":[{"id":493,"href":"https:\/\/mentoring4u.ch\/index.php\/wp-json\/wp\/v2\/pages\/3\/revisions\/493"}],"wp:attachment":[{"href":"https:\/\/mentoring4u.ch\/index.php\/wp-json\/wp\/v2\/media?parent=3"}],"curies":[{"name":"wp","href":"https:\/\/api.w.org\/{rel}","templated":true}]}}