{"id":107,"date":"2020-07-06T18:46:32","date_gmt":"2020-07-06T18:46:32","guid":{"rendered":"https:\/\/mentoring4u.ch\/hp-neu\/?page_id=107"},"modified":"2026-01-10T13:05:49","modified_gmt":"2026-01-10T13:05:49","slug":"ueber-mich","status":"publish","type":"page","link":"https:\/\/mentoring4u.ch\/index.php\/ueber-mich\/","title":{"rendered":"\u00dcber mich"},"content":{"rendered":"\t\t<div data-elementor-type=\"wp-page\" data-elementor-id=\"107\" class=\"elementor elementor-107\">\n\t\t\t\t\t\t<section class=\"elementor-section elementor-top-section elementor-element elementor-element-139a860 elementor-section-boxed elementor-section-height-default elementor-section-height-default\" data-id=\"139a860\" data-element_type=\"section\" data-e-type=\"section\">\n\t\t\t\t\t\t<div class=\"elementor-container elementor-column-gap-default\">\n\t\t\t\t\t<div class=\"elementor-column elementor-col-100 elementor-top-column elementor-element elementor-element-5e419a5\" data-id=\"5e419a5\" data-element_type=\"column\" data-e-type=\"column\">\n\t\t\t<div class=\"elementor-widget-wrap elementor-element-populated\">\n\t\t\t\t\t\t<section class=\"elementor-section elementor-inner-section elementor-element elementor-element-4a233c4 elementor-section-boxed elementor-section-height-default elementor-section-height-default\" data-id=\"4a233c4\" data-element_type=\"section\" data-e-type=\"section\">\n\t\t\t\t\t\t<div class=\"elementor-container elementor-column-gap-default\">\n\t\t\t\t\t<div class=\"elementor-column elementor-col-50 elementor-inner-column elementor-element elementor-element-3f374f6\" data-id=\"3f374f6\" data-element_type=\"column\" data-e-type=\"column\">\n\t\t\t<div class=\"elementor-widget-wrap elementor-element-populated\">\n\t\t\t\t\t\t<div class=\"elementor-element elementor-element-1c07b5e elementor-widget elementor-widget-heading\" data-id=\"1c07b5e\" data-element_type=\"widget\" data-e-type=\"widget\" data-widget_type=\"heading.default\">\n\t\t\t\t<div class=\"elementor-widget-container\">\n\t\t\t\t\t<h2 class=\"elementor-heading-title elementor-size-default\">Marco Wahrenberger<\/h2>\t\t\t\t<\/div>\n\t\t\t\t<\/div>\n\t\t\t\t<div class=\"elementor-element elementor-element-d7e9c84 elementor-widget elementor-widget-text-editor\" data-id=\"d7e9c84\" data-element_type=\"widget\" data-e-type=\"widget\" data-widget_type=\"text-editor.default\">\n\t\t\t\t<div class=\"elementor-widget-container\">\n\t\t\t\t\t\t\t\t\t<div title=\"Page 1\"><div><div><p>Psychosozialer Berater, Zertifizierter Transaktionsanalytiker CTA-C, Beratender Seelsorger ACC Level II, Kursleiter<\/p><p>Mitglied der <a href=\"https:\/\/asat-sgta.ch\/ta-experte\/transaktionsanalytiker-innen\/?p=profilseite&amp;uid=69\" target=\"_blank\" rel=\"noopener\">ASAT-SGTA<\/a>, <a href=\"https:\/\/eatanews.org\/de\/\" target=\"_blank\" rel=\"noopener\">EATA<\/a>, <a href=\"https:\/\/www.acc-ch.ch\/ratsuchende\" target=\"_blank\" rel=\"noopener\">ACC<\/a>, <a href=\"https:\/\/www.beratungundtherapie.ch\" target=\"_blank\" rel=\"noopener\">VBG<\/a>, <a href=\"https:\/\/www.akademieps.de\" target=\"_blank\" rel=\"noopener\">APS<\/a><\/p><\/div><\/div><\/div>\t\t\t\t\t\t\t\t<\/div>\n\t\t\t\t<\/div>\n\t\t\t\t<div class=\"elementor-element elementor-element-0f73a42 elementor-widget elementor-widget-text-editor\" data-id=\"0f73a42\" data-element_type=\"widget\" data-e-type=\"widget\" data-widget_type=\"text-editor.default\">\n\t\t\t\t<div class=\"elementor-widget-container\">\n\t\t\t\t\t\t\t\t\t<p>geboren 1976, verheiratet<\/p>\t\t\t\t\t\t\t\t<\/div>\n\t\t\t\t<\/div>\n\t\t\t\t\t<\/div>\n\t\t<\/div>\n\t\t\t\t<div class=\"elementor-column elementor-col-50 elementor-inner-column elementor-element elementor-element-5311ed9\" data-id=\"5311ed9\" data-element_type=\"column\" data-e-type=\"column\">\n\t\t\t<div class=\"elementor-widget-wrap elementor-element-populated\">\n\t\t\t\t\t\t<div class=\"elementor-element elementor-element-265edb5 elementor-widget elementor-widget-image\" data-id=\"265edb5\" data-element_type=\"widget\" data-e-type=\"widget\" data-widget_type=\"image.default\">\n\t\t\t\t<div class=\"elementor-widget-container\">\n\t\t\t\t\t\t\t\t\t\t\t\t\t\t\t<img fetchpriority=\"high\" decoding=\"async\" width=\"199\" height=\"300\" src=\"https:\/\/mentoring4u.ch\/wp-content\/uploads\/2020\/07\/IMG_6869_verkleinert_3-199x300.jpg\" class=\"attachment-medium size-medium wp-image-109\" alt=\"\" srcset=\"https:\/\/mentoring4u.ch\/wp-content\/uploads\/2020\/07\/IMG_6869_verkleinert_3-199x300.jpg 199w, https:\/\/mentoring4u.ch\/wp-content\/uploads\/2020\/07\/IMG_6869_verkleinert_3-680x1024.jpg 680w, https:\/\/mentoring4u.ch\/wp-content\/uploads\/2020\/07\/IMG_6869_verkleinert_3.jpg 750w\" sizes=\"(max-width: 199px) 100vw, 199px\" \/>\t\t\t\t\t\t\t\t\t\t\t\t\t\t\t<\/div>\n\t\t\t\t<\/div>\n\t\t\t\t\t<\/div>\n\t\t<\/div>\n\t\t\t\t\t<\/div>\n\t\t<\/section>\n\t\t\t\t\t<\/div>\n\t\t<\/div>\n\t\t\t\t\t<\/div>\n\t\t<\/section>\n\t\t\t\t<section class=\"elementor-section elementor-top-section elementor-element elementor-element-e86cbfe elementor-section-boxed elementor-section-height-default elementor-section-height-default\" data-id=\"e86cbfe\" data-element_type=\"section\" data-e-type=\"section\">\n\t\t\t\t\t\t<div class=\"elementor-container elementor-column-gap-default\">\n\t\t\t\t\t<div class=\"elementor-column elementor-col-100 elementor-top-column elementor-element elementor-element-b6841c0\" data-id=\"b6841c0\" data-element_type=\"column\" data-e-type=\"column\">\n\t\t\t<div class=\"elementor-widget-wrap elementor-element-populated\">\n\t\t\t\t\t\t<div class=\"elementor-element elementor-element-2a5e913 elementor-widget elementor-widget-heading\" data-id=\"2a5e913\" data-element_type=\"widget\" data-e-type=\"widget\" data-widget_type=\"heading.default\">\n\t\t\t\t<div class=\"elementor-widget-container\">\n\t\t\t\t\t<h2 class=\"elementor-heading-title elementor-size-default\">Ausbildungen<\/h2>\t\t\t\t<\/div>\n\t\t\t\t<\/div>\n\t\t\t\t<div class=\"elementor-element elementor-element-7a7acdd elementor-widget elementor-widget-text-editor\" data-id=\"7a7acdd\" data-element_type=\"widget\" data-e-type=\"widget\" data-widget_type=\"text-editor.default\">\n\t\t\t\t<div class=\"elementor-widget-container\">\n\t\t\t\t\t\t\t\t\t<div class=\"page\" title=\"Page 1\"><div class=\"layoutArea\"><div class=\"column\"><p>2025 &#8211;<br \/>Weiterbildung ESSB &#8211; emotiv-schematheoretische Seelsorge und Beratung<br \/>Idisb Institut f\u00fcr dialogische und identit\u00e4tsstiftende Seelsorge und Beratung e.V.,<br \/>Tamm (D)<\/p><p>2015 &#8211; 2021<br \/>Fortgeschrittene transaktionsanalytische Weiterbildung im Bereich Beratung<br \/>ITZ Institut, Wetzikon<br \/>Zertifizierter Transaktionsanalytiker im Feld Beratung CTA-C<\/p><p>2011 &#8211; 2013<br \/>Grundausbildung in Transaktionsanalyse<br \/>ITZ Institut, Wetzikon<br \/>Praxiskompetenz in Transaktionsanalyse DSGTA<\/p><p>2006 &#8211; 2009<br \/>Berufsbegleitende Leiterschafts-Ausbildung Basic und Advanced<br \/>InstitutPlus, Liestal<\/p><p>2004 &#8211; 2007<br \/>Berufsbegleitendes Bibelstudium IGW, Zu\u0308rich<\/p><\/div><\/div><\/div>\t\t\t\t\t\t\t\t<\/div>\n\t\t\t\t<\/div>\n\t\t\t\t\t<\/div>\n\t\t<\/div>\n\t\t\t\t\t<\/div>\n\t\t<\/section>\n\t\t\t\t<section class=\"elementor-section elementor-top-section elementor-element elementor-element-492ff94 elementor-section-boxed elementor-section-height-default elementor-section-height-default\" data-id=\"492ff94\" data-element_type=\"section\" data-e-type=\"section\">\n\t\t\t\t\t\t<div class=\"elementor-container elementor-column-gap-default\">\n\t\t\t\t\t<div class=\"elementor-column elementor-col-100 elementor-top-column elementor-element elementor-element-1e12696\" data-id=\"1e12696\" data-element_type=\"column\" data-e-type=\"column\">\n\t\t\t<div class=\"elementor-widget-wrap elementor-element-populated\">\n\t\t\t\t\t\t<div class=\"elementor-element elementor-element-54d3d77 elementor-widget elementor-widget-heading\" data-id=\"54d3d77\" data-element_type=\"widget\" data-e-type=\"widget\" data-widget_type=\"heading.default\">\n\t\t\t\t<div class=\"elementor-widget-container\">\n\t\t\t\t\t<h2 class=\"elementor-heading-title elementor-size-default\">Meine Motivation<\/h2>\t\t\t\t<\/div>\n\t\t\t\t<\/div>\n\t\t\t\t<div class=\"elementor-element elementor-element-bada73a elementor-widget elementor-widget-text-editor\" data-id=\"bada73a\" data-element_type=\"widget\" data-e-type=\"widget\" data-widget_type=\"text-editor.default\">\n\t\t\t\t<div class=\"elementor-widget-container\">\n\t\t\t\t\t\t\t\t\t<p>Ich bin transaktionsanalytischer Berater, christlicher Mentor und Seelsorger. Ich liebe es, Menschen zu ermutigen, zu beraten und zu begleiten. Ich sch\u00e4tze es mit ihnen unterwegs zu sein, sie kennenzulernen und an ihrem Leben Anteil zu nehmen. Ich h\u00f6re gerne zu, stelle Fragen und rege zum weiterdenken an.<span class=\"Apple-converted-space\">\u00a0<\/span><\/p><p>Die Geschichte eines Menschen und seine Erlebnisse interessieren mich. Es macht mir grosse Freude zu sehen, wie sie ihre Ressourcen und ihr Potential entdecken, sich in ihren F\u00e4higkeiten trainieren und ihre Erfolgserlebnisse feiern. Neue Erkenntnisse, Schritte hin zu mehr Autonomie und Reife, Lernzuwachs und Ver\u00e4nderungen hin zu gesunden, verl\u00e4sslichen Beziehungen meiner Klientinnen und Klienten begeistern mich.<\/p>\t\t\t\t\t\t\t\t<\/div>\n\t\t\t\t<\/div>\n\t\t\t\t\t<\/div>\n\t\t<\/div>\n\t\t\t\t\t<\/div>\n\t\t<\/section>\n\t\t\t\t<section class=\"elementor-section elementor-top-section elementor-element elementor-element-0b94e1e elementor-section-boxed elementor-section-height-default elementor-section-height-default\" data-id=\"0b94e1e\" data-element_type=\"section\" data-e-type=\"section\">\n\t\t\t\t\t\t<div class=\"elementor-container elementor-column-gap-default\">\n\t\t\t\t\t<div class=\"elementor-column elementor-col-100 elementor-top-column elementor-element elementor-element-0767ab4\" data-id=\"0767ab4\" data-element_type=\"column\" data-e-type=\"column\">\n\t\t\t<div class=\"elementor-widget-wrap elementor-element-populated\">\n\t\t\t\t\t\t<div class=\"elementor-element elementor-element-f719145 elementor-widget elementor-widget-heading\" data-id=\"f719145\" data-element_type=\"widget\" data-e-type=\"widget\" data-widget_type=\"heading.default\">\n\t\t\t\t<div class=\"elementor-widget-container\">\n\t\t\t\t\t<h2 class=\"elementor-heading-title elementor-size-default\">Meine Arbeitsweise<\/h2>\t\t\t\t<\/div>\n\t\t\t\t<\/div>\n\t\t\t\t\t<\/div>\n\t\t<\/div>\n\t\t\t\t\t<\/div>\n\t\t<\/section>\n\t\t\t\t<section class=\"elementor-section elementor-top-section elementor-element elementor-element-3b642b1 elementor-section-boxed elementor-section-height-default elementor-section-height-default\" data-id=\"3b642b1\" data-element_type=\"section\" data-e-type=\"section\">\n\t\t\t\t\t\t<div class=\"elementor-container elementor-column-gap-default\">\n\t\t\t\t\t<div class=\"elementor-column elementor-col-100 elementor-top-column elementor-element elementor-element-8bc2287\" data-id=\"8bc2287\" data-element_type=\"column\" data-e-type=\"column\">\n\t\t\t<div class=\"elementor-widget-wrap elementor-element-populated\">\n\t\t\t\t\t\t<section class=\"elementor-section elementor-inner-section elementor-element elementor-element-e1f5f7d elementor-section-boxed elementor-section-height-default elementor-section-height-default\" data-id=\"e1f5f7d\" data-element_type=\"section\" data-e-type=\"section\">\n\t\t\t\t\t\t<div class=\"elementor-container elementor-column-gap-default\">\n\t\t\t\t\t<div class=\"elementor-column elementor-col-50 elementor-inner-column elementor-element elementor-element-9b645a0\" data-id=\"9b645a0\" data-element_type=\"column\" data-e-type=\"column\">\n\t\t\t<div class=\"elementor-widget-wrap elementor-element-populated\">\n\t\t\t\t\t\t<div class=\"elementor-element elementor-element-85064af elementor-widget elementor-widget-text-editor\" data-id=\"85064af\" data-element_type=\"widget\" data-e-type=\"widget\" data-widget_type=\"text-editor.default\">\n\t\t\t\t<div class=\"elementor-widget-container\">\n\t\t\t\t\t\t\t\t\t<p>Ich beziehe mich auf die Grundannahmen der <a href=\"https:\/\/mentoring4u.ch\/index.php\/beratung\/\">Transaktionsanalyse<\/a>\u00a0und gehe davon aus, dass der Mensch eigenst\u00e4ndig denken, entscheiden und handeln kann.<\/p><p>Meine Beratungsarbeit strebt hilfreiche Ver\u00e4nderung, f\u00f6rderliche Erweiterung und\u00a0<span style=\"color: var( --e-global-color-text ); font-family: var( --e-global-typography-text-font-family );\">gewinnbringendes\u00a0<\/span><span style=\"color: var( --e-global-color-text ); font-family: var( --e-global-typography-text-font-family );\">Wachstum an. Durch reflektieren, informieren, abw\u00e4gen und bewusstes entscheiden k\u00f6nnen Sie Ihr Verhalten ver\u00e4ndern und Ihren Handlungsspielraum erweitern.<\/span><\/p><p>Sie k\u00f6nnen z.B. hinderliche Festlegungen loslassen, neue, situationsad\u00e4quate Entscheide treffen und hilfreichere Verhaltensweisen ein\u00fcben.<\/p>\t\t\t\t\t\t\t\t<\/div>\n\t\t\t\t<\/div>\n\t\t\t\t\t<\/div>\n\t\t<\/div>\n\t\t\t\t<div class=\"elementor-column elementor-col-50 elementor-inner-column elementor-element elementor-element-af87837\" data-id=\"af87837\" data-element_type=\"column\" data-e-type=\"column\">\n\t\t\t<div class=\"elementor-widget-wrap elementor-element-populated\">\n\t\t\t\t\t\t<div class=\"elementor-element elementor-element-384c4a3 elementor-widget elementor-widget-text-editor\" data-id=\"384c4a3\" data-element_type=\"widget\" data-e-type=\"widget\" data-widget_type=\"text-editor.default\">\n\t\t\t\t<div class=\"elementor-widget-container\">\n\t\t\t\t\t\t\t\t\t<p>Ihre Erfolgserlebnisse tragen zum Wachstum Ihrer Pers\u00f6nlichkeit und Ihren Kompetenzen bei und f\u00f6rdern Ihre Autonomie.<\/p><p>Eine gemeinsam ausgehandelte Vereinbarung zwischen Ihnen und mir regelt unsere Zusammenarbeit, in welchem das Ziel, die Dauer und der Beitrag beider Seiten festgelegt wird.<\/p><p>So tragen beide Mitverantwortung f\u00fcr das Erreichen des Beratungs-Ziels.<\/p>\t\t\t\t\t\t\t\t<\/div>\n\t\t\t\t<\/div>\n\t\t\t\t\t<\/div>\n\t\t<\/div>\n\t\t\t\t\t<\/div>\n\t\t<\/section>\n\t\t\t\t\t<\/div>\n\t\t<\/div>\n\t\t\t\t\t<\/div>\n\t\t<\/section>\n\t\t\t\t<\/div>\n\t\t","protected":false},"excerpt":{"rendered":"<p>Marco Wahrenberger Psychosozialer Berater, Zertifizierter Transaktionsanalytiker CTA-C, Beratender Seelsorger ACC Level II, Kursleiter Mitglied der ASAT-SGTA, EATA, ACC, VBG, APS [&hellip;]<\/p>\n","protected":false},"author":1,"featured_media":0,"parent":0,"menu_order":0,"comment_status":"closed","ping_status":"closed","template":"","meta":{"footnotes":""},"class_list":["post-107","page","type-page","status-publish","hentry"],"_links":{"self":[{"href":"https:\/\/mentoring4u.ch\/index.php\/wp-json\/wp\/v2\/pages\/107","targetHints":{"allow":["GET"]}}],"collection":[{"href":"https:\/\/mentoring4u.ch\/index.php\/wp-json\/wp\/v2\/pages"}],"about":[{"href":"https:\/\/mentoring4u.ch\/index.php\/wp-json\/wp\/v2\/types\/page"}],"author":[{"embeddable":true,"href":"https:\/\/mentoring4u.ch\/index.php\/wp-json\/wp\/v2\/users\/1"}],"replies":[{"embeddable":true,"href":"https:\/\/mentoring4u.ch\/index.php\/wp-json\/wp\/v2\/comments?post=107"}],"version-history":[{"count":45,"href":"https:\/\/mentoring4u.ch\/index.php\/wp-json\/wp\/v2\/pages\/107\/revisions"}],"predecessor-version":[{"id":484,"href":"https:\/\/mentoring4u.ch\/index.php\/wp-json\/wp\/v2\/pages\/107\/revisions\/484"}],"wp:attachment":[{"href":"https:\/\/mentoring4u.ch\/index.php\/wp-json\/wp\/v2\/media?parent=107"}],"curies":[{"name":"wp","href":"https:\/\/api.w.org\/{rel}","templated":true}]}}